{"id":12,"date":"2026-02-03T14:32:33","date_gmt":"2026-02-03T14:32:33","guid":{"rendered":"https:\/\/maisonnoeud.com\/?page_id=12"},"modified":"2026-03-23T15:41:43","modified_gmt":"2026-03-23T15:41:43","slug":"accueil","status":"publish","type":"page","link":"https:\/\/maisonnoeud.com\/","title":{"rendered":"Accueil"},"content":{"rendered":"[et_pb_section fb_built=\u00a0\u00bb1&Prime; _builder_version=\u00a0\u00bb4.27.5&Prime; _module_preset=\u00a0\u00bbdefault\u00a0\u00bb global_colors_info=\u00a0\u00bb{}\u00a0\u00bb][et_pb_row column_structure=\u00a0\u00bb1_2,1_2&Prime; _builder_version=\u00a0\u00bb4.27.5&Prime; _module_preset=\u00a0\u00bbdefault\u00a0\u00bb background_color=\u00a0\u00bbgcid-08540f01-1d0f-4260-99ae-1c640e3959c1&Prime; custom_padding=\u00a0\u00bb24px|||||\u00a0\u00bb global_colors_info=\u00a0\u00bb{%22gcid-08540f01-1d0f-4260-99ae-1c640e3959c1%22:%91%22background_color%22%93}\u00a0\u00bb][et_pb_column type=\u00a0\u00bb1_2&Prime; _builder_version=\u00a0\u00bb4.27.5&Prime; _module_preset=\u00a0\u00bbdefault\u00a0\u00bb global_colors_info=\u00a0\u00bb{}\u00a0\u00bb][et_pb_text _builder_version=\u00a0\u00bb4.27.5&Prime; _module_preset=\u00a0\u00bbdefault\u00a0\u00bb text_font=\u00a0\u00bbCormorant Garamond||||||||\u00a0\u00bb text_text_color=\u00a0\u00bb#3a2a24&Prime; text_font_size=\u00a0\u00bb20px\u00a0\u00bb background_color=\u00a0\u00bbgcid-08540f01-1d0f-4260-99ae-1c640e3959c1&Prime; text_orientation=\u00a0\u00bbjustified\u00a0\u00bb link_option_url=\u00a0\u00bbhttps:\/\/maisonnoeud.com\/index.php\/2026\/03\/09\/le-foulard-leclat-floral-la-piece-indispensable-pour-le-printemps-2026\/\u00a0\u00bb hover_enabled=\u00a0\u00bb0&Prime; global_colors_info=\u00a0\u00bb{%22gcid-08540f01-1d0f-4260-99ae-1c640e3959c1%22:%91%22background_color%22%93}\u00a0\u00bb sticky_enabled=\u00a0\u00bb0&Prime;]<p><span style=\"font-weight: 400;\">Nos derniers articles :\u00a0<\/span><\/p>\n<p><strong>\u00a0Le foulard l\u2019\u00e9clat floral, la pi\u00e8ce indispensable pour le printemps 2026 :\u00a0<\/strong><\/p>\n<p><strong><span style=\"font-weight: 400;\">Foulard \u00c9clat Floral en soie, aux tons pastel et touches dor\u00e9es. Une pi\u00e8ce lumineuse et \u00e9l\u00e9gante pour sublimer vos tenues printemps-\u00e9t\u00e9.<\/span><\/strong><\/p>\n<p><strong><span style=\"font-weight: 400;\"><b>1 : Foulard \u00c9clat Floral \u2013 \u00c9l\u00e9gance lumineuse en soie : <\/b><\/span><\/strong><\/p>\n<p><span style=\"font-weight: 400;\">Un chiffre, et la donne change : depuis deux ans, la demande pour les foulards grimpe en fl\u00e8che, l\u00e0 o\u00f9 tout le monde les croyait rel\u00e9gu\u00e9s au fond des armoires. Les grandes maisons flairent le filon, les jeunes cr\u00e9ateurs s\u2019en emparent, et voil\u00e0 le foulard propuls\u00e9 au rang de statement. La hi\u00e9rarchie des accessoires vacille : le carr\u00e9 de soie, longtemps discret, impose d\u00e9sormais son tempo dans les collections les plus regard\u00e9es.<\/span><\/p>\n<p><span style=\"font-weight: 400;\">Les requ\u00eates sur Google explosent : tutoriels pour nouer, recherches de motifs in\u00e9dits\u2026 chaque ann\u00e9e, c\u2019est 40 % de hausse depuis 2022. Les ventes suivent, port\u00e9es par des recommandations pr\u00e9cises et l\u2019influence grandissante de la mode urbaine. Ce n\u2019est plus un simple accessoire, c\u2019est un marqueur, un terrain d\u2019expression<\/span><span style=\"font-weight: 400;\">.<\/span><\/p>\n<p><span style=\"font-weight: 400;\"><\/span><\/p>\n<p><span style=\"font-weight: 400;\"><\/span><\/p>\n<p><span style=\"font-weight: 400;\"><\/span><\/p>[\/et_pb_text][\/et_pb_column][et_pb_column type=\u00a0\u00bb1_2&Prime; _builder_version=\u00a0\u00bb4.27.5&Prime; _module_preset=\u00a0\u00bbdefault\u00a0\u00bb global_colors_info=\u00a0\u00bb{}\u00a0\u00bb][et_pb_image src=\u00a0\u00bbhttps:\/\/maisonnoeud.com\/wp-content\/uploads\/2026\/02\/PETRUSSE_FOULARD_FANTASY_NEON_4_1-scaled-e1772443242758.webp\u00a0\u00bb title_text=\u00a0\u00bbPETRUSSE_FOULARD_FANTASY_NEON_4_1&Prime; _builder_version=\u00a0\u00bb4.27.5&Prime; _module_preset=\u00a0\u00bbdefault\u00a0\u00bb background_color=\u00a0\u00bbgcid-08540f01-1d0f-4260-99ae-1c640e3959c1&Prime; global_colors_info=\u00a0\u00bb{%22gcid-08540f01-1d0f-4260-99ae-1c640e3959c1%22:%91%22background_color%22%93}\u00a0\u00bb][\/et_pb_image][\/et_pb_column][\/et_pb_row][\/et_pb_section][et_pb_section fb_built=\u00a0\u00bb1&Prime; _builder_version=\u00a0\u00bb4.27.5&Prime; _module_preset=\u00a0\u00bbdefault\u00a0\u00bb global_colors_info=\u00a0\u00bb{}\u00a0\u00bb][et_pb_row column_structure=\u00a0\u00bb1_3,1_3,1_3&Prime; _builder_version=\u00a0\u00bb4.27.5&Prime; _module_preset=\u00a0\u00bbdefault\u00a0\u00bb global_colors_info=\u00a0\u00bb{}\u00a0\u00bb][et_pb_column type=\u00a0\u00bb1_3&Prime; _builder_version=\u00a0\u00bb4.27.5&Prime; _module_preset=\u00a0\u00bbdefault\u00a0\u00bb global_colors_info=\u00a0\u00bb{}\u00a0\u00bb][et_pb_image src=\u00a0\u00bbhttps:\/\/maisonnoeud.com\/wp-content\/uploads\/2026\/03\/Capture-decran-2026-03-23-150816.png\u00a0\u00bb title_text=\u00a0\u00bbCapture d\u2019\u00e9cran 2026-03-23 150816&Prime; _builder_version=\u00a0\u00bb4.27.5&Prime; _module_preset=\u00a0\u00bbdefault\u00a0\u00bb global_colors_info=\u00a0\u00bb{}\u00a0\u00bb][\/et_pb_image][\/et_pb_column][et_pb_column type=\u00a0\u00bb1_3&Prime; _builder_version=\u00a0\u00bb4.27.5&Prime; _module_preset=\u00a0\u00bbdefault\u00a0\u00bb global_colors_info=\u00a0\u00bb{}\u00a0\u00bb][et_pb_image src=\u00a0\u00bbhttps:\/\/maisonnoeud.com\/wp-content\/uploads\/2026\/03\/Capture-decran-2026-03-02-110005-e1772445645123.png\u00a0\u00bb title_text=\u00a0\u00bbCapture d\u2019\u00e9cran 2026-03-02 110005&Prime; _builder_version=\u00a0\u00bb4.27.5&Prime; _module_preset=\u00a0\u00bbdefault\u00a0\u00bb global_colors_info=\u00a0\u00bb{}\u00a0\u00bb][\/et_pb_image][\/et_pb_column][et_pb_column type=\u00a0\u00bb1_3&Prime; _builder_version=\u00a0\u00bb4.27.5&Prime; _module_preset=\u00a0\u00bbdefault\u00a0\u00bb global_colors_info=\u00a0\u00bb{}\u00a0\u00bb][et_pb_image src=\u00a0\u00bbhttps:\/\/maisonnoeud.com\/wp-content\/uploads\/2026\/03\/Capture-decran-2026-03-02-115115-e1772448707324.png\u00a0\u00bb title_text=\u00a0\u00bbCapture d\u2019\u00e9cran 2026-03-02 115115&Prime; _builder_version=\u00a0\u00bb4.27.5&Prime; _module_preset=\u00a0\u00bbdefault\u00a0\u00bb global_colors_info=\u00a0\u00bb{}\u00a0\u00bb][\/et_pb_image][\/et_pb_column][\/et_pb_row][et_pb_row _builder_version=\u00a0\u00bb4.27.5&Prime; _module_preset=\u00a0\u00bbdefault\u00a0\u00bb custom_padding=\u00a0\u00bb||0px|||\u00a0\u00bb min_height=\u00a0\u00bb349.6px\u00a0\u00bb][et_pb_column _builder_version=\u00a0\u00bb4.27.5&Prime; _module_preset=\u00a0\u00bbdefault\u00a0\u00bb type=\u00a0\u00bb4_4&Prime;][et_pb_text _builder_version=\u00a0\u00bb4.27.5&Prime; _module_preset=\u00a0\u00bbdefault\u00a0\u00bb hover_enabled=\u00a0\u00bb0&Prime; sticky_enabled=\u00a0\u00bb0&Prime; text_font_size=\u00a0\u00bb16px\u00a0\u00bb link_option_url=\u00a0\u00bbhttps:\/\/maisonnoeud.com\/wp-admin\/post.php?post=45&#038;action=edit\u00a0\u00bb]<p><strong>Notre histoire :<\/strong><\/p>\n<p><\/p>\n<h2 class=\"wp-block-heading\">I. Les Origines<\/h2>\n<p> <\/p>\n<h3 class=\"wp-block-heading has-text-align-left\">Une naissance \u00e0 Bordeaux<\/h3>\n<p> <\/p>\n<p><strong>Maison Noeud<\/strong> est un blog d\u00e9di\u00e9 \u00e0 l\u2019univers du foulard et de l\u2019\u00e9charpe. Nous partageons des conseils, des inspirations et des informations pour mieux comprendre ces accessoires intemporels qui traversent les tendances et les saisons.<\/p>\n<p> <\/p>\n<p>Notre objectif est d\u2019aider chacun \u00e0 d\u00e9couvrir comment un simple foulard peut transformer une tenue, apporter une touche d\u2019\u00e9l\u00e9gance ou affirmer un style personnel. \u00c0 travers nos articles, nous explorons diff\u00e9rentes th\u00e9matiques : comment porter un foulard, comment choisir les bonnes mati\u00e8res, quelles sont les tendances du moment ou encore comment entretenir ses accessoires textiles.<\/p>\n<p><\/p>\n<p>&nbsp;<\/p>[\/et_pb_text][\/et_pb_column][\/et_pb_row][\/et_pb_section]","protected":false},"excerpt":{"rendered":"<p>Nos derniers articles :\u00a0 \u00a0Le foulard l\u2019\u00e9clat floral, la pi\u00e8ce indispensable pour le printemps 2026 :\u00a0 Foulard \u00c9clat Floral en soie, aux tons pastel et touches dor\u00e9es. Une pi\u00e8ce lumineuse et \u00e9l\u00e9gante pour sublimer vos tenues printemps-\u00e9t\u00e9. 1 : Foulard \u00c9clat Floral \u2013 \u00c9l\u00e9gance lumineuse en soie : Un chiffre, et la donne change : [&hellip;]<\/p>\n","protected":false},"author":1,"featured_media":16,"parent":0,"menu_order":0,"comment_status":"closed","ping_status":"closed","template":"","meta":{"_et_pb_use_builder":"on","_et_pb_old_content":"","_et_gb_content_width":"","footnotes":""},"class_list":["post-12","page","type-page","status-publish","has-post-thumbnail","hentry"],"yoast_head":"<!-- This site is optimized with the Yoast SEO plugin v26.9 - https:\/\/yoast.com\/product\/yoast-seo-wordpress\/ -->\n<title>Accueil - Maison noeud<\/title>\n<meta name=\"robots\" content=\"index, follow, max-snippet:-1, max-image-preview:large, max-video-preview:-1\" \/>\n<link rel=\"canonical\" href=\"https:\/\/maisonnoeud.com\/\" \/>\n<meta property=\"og:locale\" content=\"fr_FR\" \/>\n<meta property=\"og:type\" content=\"article\" \/>\n<meta property=\"og:title\" content=\"Accueil - Maison noeud\" \/>\n<meta property=\"og:description\" content=\"Nos derniers articles :\u00a0 \u00a0Le foulard l\u2019\u00e9clat floral, la pi\u00e8ce indispensable pour le printemps 2026 :\u00a0 Foulard \u00c9clat Floral en soie, aux tons pastel et touches dor\u00e9es. Une pi\u00e8ce lumineuse et \u00e9l\u00e9gante pour sublimer vos tenues printemps-\u00e9t\u00e9. 1 : Foulard \u00c9clat Floral \u2013 \u00c9l\u00e9gance lumineuse en soie : Un chiffre, et la donne change : [&hellip;]\" \/>\n<meta property=\"og:url\" content=\"https:\/\/maisonnoeud.com\/\" \/>\n<meta property=\"og:site_name\" content=\"Maison noeud\" \/>\n<meta property=\"article:modified_time\" content=\"2026-03-23T15:41:43+00:00\" \/>\n<meta property=\"og:image\" content=\"https:\/\/maisonnoeud.com\/wp-content\/uploads\/2026\/02\/ChatGPT-Image-3-fevr.-2026-14_40_02-1024x683.png\" \/>\n\t<meta property=\"og:image:width\" content=\"1024\" \/>\n\t<meta property=\"og:image:height\" content=\"683\" \/>\n\t<meta property=\"og:image:type\" content=\"image\/png\" \/>\n<meta name=\"twitter:card\" content=\"summary_large_image\" \/>\n<meta name=\"twitter:label1\" content=\"Dur\u00e9e de lecture estim\u00e9e\" \/>\n\t<meta name=\"twitter:data1\" content=\"3 minutes\" \/>\n<script type=\"application\/ld+json\" class=\"yoast-schema-graph\">{\"@context\":\"https:\/\/schema.org\",\"@graph\":[{\"@type\":\"WebPage\",\"@id\":\"https:\/\/maisonnoeud.com\/\",\"url\":\"https:\/\/maisonnoeud.com\/\",\"name\":\"Accueil - Maison noeud\",\"isPartOf\":{\"@id\":\"https:\/\/maisonnoeud.com\/#website\"},\"primaryImageOfPage\":{\"@id\":\"https:\/\/maisonnoeud.com\/#primaryimage\"},\"image\":{\"@id\":\"https:\/\/maisonnoeud.com\/#primaryimage\"},\"thumbnailUrl\":\"https:\/\/maisonnoeud.com\/wp-content\/uploads\/2026\/02\/ChatGPT-Image-3-fevr.-2026-14_40_02.png\",\"datePublished\":\"2026-02-03T14:32:33+00:00\",\"dateModified\":\"2026-03-23T15:41:43+00:00\",\"breadcrumb\":{\"@id\":\"https:\/\/maisonnoeud.com\/#breadcrumb\"},\"inLanguage\":\"fr-FR\",\"potentialAction\":[{\"@type\":\"ReadAction\",\"target\":[\"https:\/\/maisonnoeud.com\/\"]}]},{\"@type\":\"ImageObject\",\"inLanguage\":\"fr-FR\",\"@id\":\"https:\/\/maisonnoeud.com\/#primaryimage\",\"url\":\"https:\/\/maisonnoeud.com\/wp-content\/uploads\/2026\/02\/ChatGPT-Image-3-fevr.-2026-14_40_02.png\",\"contentUrl\":\"https:\/\/maisonnoeud.com\/wp-content\/uploads\/2026\/02\/ChatGPT-Image-3-fevr.-2026-14_40_02.png\",\"width\":1536,\"height\":1024},{\"@type\":\"BreadcrumbList\",\"@id\":\"https:\/\/maisonnoeud.com\/#breadcrumb\",\"itemListElement\":[{\"@type\":\"ListItem\",\"position\":1,\"name\":\"Accueil\",\"item\":\"https:\/\/maisonnoeud.com\/\"},{\"@type\":\"ListItem\",\"position\":2,\"name\":\"Accueil\"}]},{\"@type\":\"WebSite\",\"@id\":\"https:\/\/maisonnoeud.com\/#website\",\"url\":\"https:\/\/maisonnoeud.com\/\",\"name\":\"Maison noeud\",\"description\":\"Maison noeud vente de foulard et \u00e9charpe \",\"potentialAction\":[{\"@type\":\"SearchAction\",\"target\":{\"@type\":\"EntryPoint\",\"urlTemplate\":\"https:\/\/maisonnoeud.com\/?s={search_term_string}\"},\"query-input\":{\"@type\":\"PropertyValueSpecification\",\"valueRequired\":true,\"valueName\":\"search_term_string\"}}],\"inLanguage\":\"fr-FR\"}]}<\/script>\n<!-- \/ Yoast SEO plugin. -->","yoast_head_json":{"title":"Accueil - Maison noeud","robots":{"index":"index","follow":"follow","max-snippet":"max-snippet:-1","max-image-preview":"max-image-preview:large","max-video-preview":"max-video-preview:-1"},"canonical":"https:\/\/maisonnoeud.com\/","og_locale":"fr_FR","og_type":"article","og_title":"Accueil - Maison noeud","og_description":"Nos derniers articles :\u00a0 \u00a0Le foulard l\u2019\u00e9clat floral, la pi\u00e8ce indispensable pour le printemps 2026 :\u00a0 Foulard \u00c9clat Floral en soie, aux tons pastel et touches dor\u00e9es. Une pi\u00e8ce lumineuse et \u00e9l\u00e9gante pour sublimer vos tenues printemps-\u00e9t\u00e9. 1 : Foulard \u00c9clat Floral \u2013 \u00c9l\u00e9gance lumineuse en soie : Un chiffre, et la donne change : [&hellip;]","og_url":"https:\/\/maisonnoeud.com\/","og_site_name":"Maison noeud","article_modified_time":"2026-03-23T15:41:43+00:00","og_image":[{"width":1024,"height":683,"url":"https:\/\/maisonnoeud.com\/wp-content\/uploads\/2026\/02\/ChatGPT-Image-3-fevr.-2026-14_40_02-1024x683.png","type":"image\/png"}],"twitter_card":"summary_large_image","twitter_misc":{"Dur\u00e9e de lecture estim\u00e9e":"3 minutes"},"schema":{"@context":"https:\/\/schema.org","@graph":[{"@type":"WebPage","@id":"https:\/\/maisonnoeud.com\/","url":"https:\/\/maisonnoeud.com\/","name":"Accueil - Maison noeud","isPartOf":{"@id":"https:\/\/maisonnoeud.com\/#website"},"primaryImageOfPage":{"@id":"https:\/\/maisonnoeud.com\/#primaryimage"},"image":{"@id":"https:\/\/maisonnoeud.com\/#primaryimage"},"thumbnailUrl":"https:\/\/maisonnoeud.com\/wp-content\/uploads\/2026\/02\/ChatGPT-Image-3-fevr.-2026-14_40_02.png","datePublished":"2026-02-03T14:32:33+00:00","dateModified":"2026-03-23T15:41:43+00:00","breadcrumb":{"@id":"https:\/\/maisonnoeud.com\/#breadcrumb"},"inLanguage":"fr-FR","potentialAction":[{"@type":"ReadAction","target":["https:\/\/maisonnoeud.com\/"]}]},{"@type":"ImageObject","inLanguage":"fr-FR","@id":"https:\/\/maisonnoeud.com\/#primaryimage","url":"https:\/\/maisonnoeud.com\/wp-content\/uploads\/2026\/02\/ChatGPT-Image-3-fevr.-2026-14_40_02.png","contentUrl":"https:\/\/maisonnoeud.com\/wp-content\/uploads\/2026\/02\/ChatGPT-Image-3-fevr.-2026-14_40_02.png","width":1536,"height":1024},{"@type":"BreadcrumbList","@id":"https:\/\/maisonnoeud.com\/#breadcrumb","itemListElement":[{"@type":"ListItem","position":1,"name":"Accueil","item":"https:\/\/maisonnoeud.com\/"},{"@type":"ListItem","position":2,"name":"Accueil"}]},{"@type":"WebSite","@id":"https:\/\/maisonnoeud.com\/#website","url":"https:\/\/maisonnoeud.com\/","name":"Maison noeud","description":"Maison noeud vente de foulard et \u00e9charpe ","potentialAction":[{"@type":"SearchAction","target":{"@type":"EntryPoint","urlTemplate":"https:\/\/maisonnoeud.com\/?s={search_term_string}"},"query-input":{"@type":"PropertyValueSpecification","valueRequired":true,"valueName":"search_term_string"}}],"inLanguage":"fr-FR"}]}},"_links":{"self":[{"href":"https:\/\/maisonnoeud.com\/index.php\/wp-json\/wp\/v2\/pages\/12","targetHints":{"allow":["GET"]}}],"collection":[{"href":"https:\/\/maisonnoeud.com\/index.php\/wp-json\/wp\/v2\/pages"}],"about":[{"href":"https:\/\/maisonnoeud.com\/index.php\/wp-json\/wp\/v2\/types\/page"}],"author":[{"embeddable":true,"href":"https:\/\/maisonnoeud.com\/index.php\/wp-json\/wp\/v2\/users\/1"}],"replies":[{"embeddable":true,"href":"https:\/\/maisonnoeud.com\/index.php\/wp-json\/wp\/v2\/comments?post=12"}],"version-history":[{"count":12,"href":"https:\/\/maisonnoeud.com\/index.php\/wp-json\/wp\/v2\/pages\/12\/revisions"}],"predecessor-version":[{"id":233,"href":"https:\/\/maisonnoeud.com\/index.php\/wp-json\/wp\/v2\/pages\/12\/revisions\/233"}],"wp:featuredmedia":[{"embeddable":true,"href":"https:\/\/maisonnoeud.com\/index.php\/wp-json\/wp\/v2\/media\/16"}],"wp:attachment":[{"href":"https:\/\/maisonnoeud.com\/index.php\/wp-json\/wp\/v2\/media?parent=12"}],"curies":[{"name":"wp","href":"https:\/\/api.w.org\/{rel}","templated":true}]}}