{"id":75,"date":"2026-03-02T13:02:43","date_gmt":"2026-03-02T13:02:43","guid":{"rendered":"https:\/\/maisonnoeud.com\/?page_id=75"},"modified":"2026-03-09T12:56:18","modified_gmt":"2026-03-09T12:56:18","slug":"nos-conseils-et-tutoriels","status":"publish","type":"page","link":"https:\/\/maisonnoeud.com\/index.php\/nos-conseils-et-tutoriels\/","title":{"rendered":"5 mani\u00e8res originales de porter son foulard :"},"content":{"rendered":"\n<p class=\"has-small-font-size\">Comment porter un foulard ? D\u00e9couvrez 5 id\u00e9es originales pour styliser vos tenues : dans les cheveux, en ceinture ou en accessoire \u00e9l\u00e9gant.<\/p>\n\n\n\n<p style=\"font-size:15px\"><strong>1- Autour du cou, pour se tenir chaud ou se prot\u00e9ger du soleil<\/strong> : <\/p>\n\n\n\n<p class=\"has-small-font-size\">Lorsqu&rsquo;il fait froid dehors, rien de tel que d\u2019enrouler autour de son cou un foulard doux et r\u00e9confortant. En vous prot\u00e9geant du vent, il vous aidera \u00e0 pr\u00e9venir les maux de gorge et les rhumes, et vous gardera au chaud.<\/p>\n\n\n\n<p class=\"has-small-font-size\">\u00c0 l\u2019inverse, si vous \u00eates sensible aux rayons UV, si vous passez beaucoup de temps \u00e0 l&rsquo;ext\u00e9rieur et si vous \u00eates sujet aux coups de soleil, le foulard sera l\u00e0 encore votre meilleur alli\u00e9. Alors si vous voulez porter avec style votre foulard autour du cou, plusieurs options s\u2019offrent \u00e0 vous.<\/p>\n\n\n\n<div class=\"wp-block-media-text is-stacked-on-mobile\"><figure class=\"wp-block-media-text__media\"><img loading=\"lazy\" decoding=\"async\" width=\"297\" height=\"442\" src=\"https:\/\/maisonnoeud.com\/wp-content\/uploads\/2026\/03\/Capture-decran-2026-03-09-113119.png\" alt=\"\" class=\"wp-image-138 size-full\" srcset=\"https:\/\/maisonnoeud.com\/wp-content\/uploads\/2026\/03\/Capture-decran-2026-03-09-113119.png 297w, https:\/\/maisonnoeud.com\/wp-content\/uploads\/2026\/03\/Capture-decran-2026-03-09-113119-202x300.png 202w\" sizes=\"(max-width: 297px) 100vw, 297px\" \/><\/figure><div class=\"wp-block-media-text__content\">\n<p class=\"has-small-font-size\">Enroul\u00e9 comme un ch\u00e2le<\/p>\n\n\n\n<p class=\"has-small-font-size\">Pour un air romantique et boh\u00eame, choisissez un foulard de grande taille, de pr\u00e9f\u00e9rence rectangulaire. Enroulez-le tout simplement autour de votre cou. Si vous le choisissez dans une laine douce ou coton doux et confortable, il viendra \u00e0 coup s\u00fbr vous r\u00e9chauffer avec style. Pos\u00e9 sur vos \u00e9paules, il pourra \u00e9galement accessoiriser une robe l\u00e9g\u00e8re lors d\u2019une fra\u00eeche soir\u00e9e d\u2019\u00e9t\u00e9.<\/p>\n\n\n\n<p class=\"has-small-font-size\">Pointe devant fa\u00e7ons cowboy <\/p>\n\n\n\n<p class=\"has-small-font-size\">Id\u00e9ale pour adopter un look d\u2019aventuri\u00e8re, cette fa\u00e7on plus originale de porter son foulard autour du cou ne manque pas de charme. Pour une randonn\u00e9e \u00e0 la campagne ou une soir\u00e9e entre amis, elle fera souffler un vent de libert\u00e9 sur votre tenue. &nbsp;<\/p>\n\n\n\n<p class=\"has-small-font-size\">Vous craquez pour ce look&nbsp;? Vous allez voir, il est tr\u00e8s simple \u00e0 r\u00e9aliser. Tout d\u2019abord, pliez le foulard en deux pour former un triangle. Ensuite, prenez le triangle et placez-le autour de votre cou, pointe devant. Enfin, faites un n\u0153ud l\u00e2che avec les deux coins, sous la pointe. R\u00e9glez le foulard pour qu&rsquo;il soit confortable et qu&rsquo;il couvre bien votre cou.<\/p>\n<\/div><\/div>\n\n\n\n<p style=\"font-size:15px\"><strong>2 &#8211;<\/strong> <strong>En bandeau pour un air sage : <\/strong><\/p>\n\n\n\n<div class=\"wp-block-media-text has-media-on-the-right is-stacked-on-mobile is-vertically-aligned-center\"><div class=\"wp-block-media-text__content\">\n<p class=\"has-small-font-size\">L\u2019une des fa\u00e7ons les plus simples de d\u00e9tourner un foulard de son utilisation de base est de le transformer en accessoire capillaire. En bandeau, il vient illuminer votre visage de ses couleurs gaies ou lui apporter de la douceur si vous optez pour des teintes plus claires.<\/p>\n\n\n\n<p class=\"has-small-font-size\">Pour donner du peps \u00e0 votre style, choisissez un joli vichy ou un tissus multicolore. Le Liberty, ce motif floral intemporel, saura donner de la fra\u00eecheur \u00e0 votre look.<\/p>\n\n\n\n<p class=\"has-small-font-size\">Ensuite, il vous suffit de transformer votre foulard gr\u00e2ce \u00e0 un pliage tr\u00e8s simple. Tout d\u2019abord, pliez-le en deux pour former un triangle. Placez-le sur votre t\u00eate, en faisant en sorte que la pointe du triangle soit dirig\u00e9e vers l&rsquo;arri\u00e8re. Prenez les deux extr\u00e9mit\u00e9s du foulard et nouez-les derri\u00e8re votre t\u00eate, en faisant un n\u0153ud bien serr\u00e9.<\/p>\n\n\n\n<p class=\"has-small-font-size\">Et voil\u00e0, vous avez r\u00e9ussi \u00e0 faire de votre foulard un bandeau ! N&rsquo;h\u00e9sitez pas \u00e0 essayer diff\u00e9rentes m\u00e9thodes de pliage et de nouage pour obtenir le look qui vous convient le mieux.<\/p>\n<\/div><figure class=\"wp-block-media-text__media\"><img loading=\"lazy\" decoding=\"async\" width=\"351\" height=\"523\" src=\"https:\/\/maisonnoeud.com\/wp-content\/uploads\/2026\/03\/Capture-decran-2026-03-09-114342.png\" alt=\"\" class=\"wp-image-139 size-full\" srcset=\"https:\/\/maisonnoeud.com\/wp-content\/uploads\/2026\/03\/Capture-decran-2026-03-09-114342.png 351w, https:\/\/maisonnoeud.com\/wp-content\/uploads\/2026\/03\/Capture-decran-2026-03-09-114342-201x300.png 201w\" sizes=\"(max-width: 351px) 100vw, 351px\" \/><\/figure><\/div>\n\n\n\n<p><\/p>\n\n\n\n<p style=\"font-size:14px\"><strong>3- Sur la t\u00eate pour se prot\u00e9ger du soleil avec style<\/strong> :<\/p>\n\n\n\n<p style=\"font-size:13px\">Savamment nou\u00e9 sur votre t\u00eate, le foulard se mue en un couvre-chef bourr\u00e9 de charme. En fonction de la taille que vous choisirez, le rendu sera tr\u00e8s diff\u00e9rent.<\/p>\n\n\n\n<p style=\"font-size:13px\">Si vous optez pour un foulard de grande taille, vous obtiendrez un volume \u00e9l\u00e9gant \u00e0 l\u2019arri\u00e8re de votre t\u00eate. Un tissu l\u00e9ger et confortable, comme une laine fine, apportera un tomb\u00e9 tr\u00e8s chic \u00e0 votre tenue.<\/p>\n\n\n\n<p style=\"font-size:13px\">Et si vous \u00eates plut\u00f4t d\u2019humeur l\u00e9g\u00e8re, le petit foulard sera l\u2019option la plus adapt\u00e9e.<\/p>\n\n\n\n<p style=\"font-size:13px\">Dans un cas comme dans l\u2019autre, pliez votre foulard en triangle et placez-le sur votre t\u00eate, pointe vers l\u2019arri\u00e8re. Rassemblez ensuite les deux extr\u00e9mit\u00e9s du foulard au niveau de votre nuque et faites un n\u0153ud bien serr\u00e9. Avec le petit foulard, deux possibilit\u00e9s s\u2019offrent \u00e0 vous, en fonction du style que vous souhaiterez adopter&nbsp;: laissez la pointe du foulard voler au vent, ou bien passez-la sous le n\u0153ud. Dans tous les cas, ce pliage tr\u00e8s simple vous prot\u00e9gera du soleil avec classe et d\u00e9contraction.<\/p>\n\n\n\n<figure class=\"wp-block-image aligncenter size-full\"><img loading=\"lazy\" decoding=\"async\" width=\"353\" height=\"523\" src=\"https:\/\/maisonnoeud.com\/wp-content\/uploads\/2026\/03\/Capture-decran-2026-03-09-114854.png\" alt=\"\" class=\"wp-image-140\" srcset=\"https:\/\/maisonnoeud.com\/wp-content\/uploads\/2026\/03\/Capture-decran-2026-03-09-114854.png 353w, https:\/\/maisonnoeud.com\/wp-content\/uploads\/2026\/03\/Capture-decran-2026-03-09-114854-202x300.png 202w\" sizes=\"(max-width: 353px) 100vw, 353px\" \/><\/figure>\n\n\n\n<p><\/p>\n\n\n\n<p style=\"font-size:15px\"><strong>4 &#8211; Autre mani\u00e8re originale de porter un foulard&nbsp;: en ceinture :<\/strong> <\/p>\n\n\n\n<p class=\"has-small-font-size\">On n\u2019y pense pas assez, mais un foulard peut devenir en quelques pliages une jolie ceinture color\u00e9e. Pour twister un jean un peu banal ou apporter de l\u2019\u00e9l\u00e9gance \u00e0 une robe noire, il saura souligner votre taille avec \u00e9l\u00e9gance tout en donnant une touche d\u2019originalit\u00e9 \u00e0 votre tenue.<\/p>\n\n\n\n<p class=\"has-small-font-size\">Pour cela, prenez un grand foulard carr\u00e9 ou rectangulaire. Il doit \u00eatre assez long pour envelopper votre taille. Pliez le foulard en deux dans le sens de la longueur, en veillant \u00e0 ce que les bords soient align\u00e9s. Renouvelez l\u2019op\u00e9ration tant que n\u00e9cessaire.<\/p>\n\n\n\n<p class=\"has-small-font-size\">Enveloppez le foulard autour de votre taille, ou bien ins\u00e9rez-le dans les passants de votre pantalon, en veillant \u00e0 ce que les extr\u00e9mit\u00e9s soient align\u00e9es devant.<\/p>\n\n\n\n<p class=\"has-small-font-size\">Faites un n\u0153ud double en prenant les deux extr\u00e9mit\u00e9s du foulard et en les nouant ensemble devant.<\/p>\n\n\n\n<figure class=\"wp-block-image aligncenter size-full\"><img loading=\"lazy\" decoding=\"async\" width=\"579\" height=\"433\" src=\"https:\/\/maisonnoeud.com\/wp-content\/uploads\/2026\/03\/Capture-decran-2026-03-09-115222.png\" alt=\"\" class=\"wp-image-141\" srcset=\"https:\/\/maisonnoeud.com\/wp-content\/uploads\/2026\/03\/Capture-decran-2026-03-09-115222.png 579w, https:\/\/maisonnoeud.com\/wp-content\/uploads\/2026\/03\/Capture-decran-2026-03-09-115222-480x359.png 480w\" sizes=\"(min-width: 0px) and (max-width: 480px) 480px, (min-width: 481px) 579px, 100vw\" \/><\/figure>\n\n\n\n<p><\/p>\n\n\n\n<p style=\"font-size:15px\"><strong>5 &#8211; En bustier chic et d\u00e9contract\u00e9 : <\/strong><\/p>\n\n\n\n<div class=\"wp-block-media-text is-stacked-on-mobile\"><figure class=\"wp-block-media-text__media\"><img decoding=\"async\" src=\"https:\/\/maisonnoeud.com\/wp-content\/uploads\/2026\/03\/Capture-decran-2026-03-09-115443.png\" alt=\"\" class=\"wp-image-142 size-full\"\/><\/figure><div class=\"wp-block-media-text__content\">\n<p>Porter un foulard en bustier est une fa\u00e7on \u00e9l\u00e9gante de le d\u00e9tourner. Commencez par plier le foulard en deux pour former un triangle. Ensuite, placez le foulard derri\u00e8re votre dos, en croisant les deux coins sup\u00e9rieurs devant votre poitrine. Nouez les coins ensemble et ajustez le foulard pour qu&rsquo;il s&rsquo;adapte confortablement \u00e0 votre corps. Tournez-le ensuite en ramenant la pointe du triangle devant et le n\u0153ud dans votre dos.<\/p>\n\n\n\n<p>Le foulard en bustier est parfait pour une soir\u00e9e d&rsquo;\u00e9t\u00e9 ou une journ\u00e9e \u00e0 la plage, alors n\u2019h\u00e9sitez pas \u00e0 adopter ce look confortable et l\u00e9ger.<\/p>\n<\/div><\/div>\n\n\n<div class=\"wp-block-post-time-to-read\">4\u20136 minutes<\/div>\n\n<div class=\"wp-block-post-date\"><time datetime=\"2026-03-09T12:34:50.408Z\">mars 9, 2026<\/time><\/div>\n\n\n\n\n\n\n<div class=\"wp-block-comments\"><h2 id=\"comments\" class=\"wp-block-comments-title\">0 r\u00e9ponse \u00e0 &#8220;5 mani\u00e8res originales de porter son foulard :&#8221;<\/h2>\n\n\n\n\n\n\t<div id=\"respond\" class=\"comment-respond wp-block-post-comments-form\">\n\t\t<h3 id=\"reply-title\" class=\"comment-reply-title\">Laisser un commentaire <small><a rel=\"nofollow\" id=\"cancel-comment-reply-link\" href=\"\/index.php\/wp-json\/wp\/v2\/pages\/75#respond\" style=\"display:none;\">Annuler la r\u00e9ponse<\/a><\/small><\/h3><form action=\"https:\/\/maisonnoeud.com\/wp-comments-post.php\" method=\"post\" id=\"commentform\" class=\"comment-form\"><p class=\"comment-notes\"><span id=\"email-notes\">Votre adresse e-mail ne sera pas publi\u00e9e.<\/span> <span class=\"required-field-message\">Les champs obligatoires sont indiqu\u00e9s avec <span class=\"required\">*<\/span><\/span><\/p><p class=\"comment-form-comment\"><label for=\"comment\">Commentaire <span class=\"required\">*<\/span><\/label> <textarea id=\"comment\" name=\"comment\" cols=\"45\" rows=\"8\" maxlength=\"65525\" required=\"required\"><\/textarea><\/p><p class=\"comment-form-author\"><label for=\"author\">Nom <span class=\"required\">*<\/span><\/label> <input id=\"author\" name=\"author\" type=\"text\" value=\"\" size=\"30\" maxlength=\"245\" autocomplete=\"name\" required=\"required\" \/><\/p>\n<p class=\"comment-form-email\"><label for=\"email\">E-mail <span class=\"required\">*<\/span><\/label> <input id=\"email\" name=\"email\" type=\"text\" value=\"\" size=\"30\" maxlength=\"100\" aria-describedby=\"email-notes\" autocomplete=\"email\" required=\"required\" \/><\/p>\n<p class=\"comment-form-url\"><label for=\"url\">Site web<\/label> <input id=\"url\" name=\"url\" type=\"text\" value=\"\" size=\"30\" maxlength=\"200\" autocomplete=\"url\" \/><\/p>\n<p class=\"comment-form-cookies-consent\"><input id=\"wp-comment-cookies-consent\" name=\"wp-comment-cookies-consent\" type=\"checkbox\" value=\"yes\" \/> <label for=\"wp-comment-cookies-consent\">Enregistrer mon nom, mon e-mail et mon site dans le navigateur pour mon prochain commentaire.<\/label><\/p>\n<p class=\"form-submit\"><input name=\"submit\" type=\"submit\" id=\"submit\" class=\"submit\" value=\"Laisser un commentaire\" \/> <input type='hidden' name='comment_post_ID' value='75' id='comment_post_ID' \/>\n<input type='hidden' name='comment_parent' id='comment_parent' value='0' \/>\n<\/p><\/form>\t<\/div><!-- #respond -->\n\t<\/div>\n\n\n\n<div class=\"wp-block-buttons is-layout-flex wp-block-buttons-is-layout-flex\">\n<div class=\"wp-block-button\"><a class=\"wp-block-button__link wp-element-button\">Accueil<\/a><\/div>\n\n\n\n<div class=\"wp-block-button\"><a class=\"wp-block-button__link wp-element-button\">Notre histoire <\/a><\/div>\n\n\n\n<div class=\"wp-block-button\"><a class=\"wp-block-button__link wp-element-button\">Nos articles<\/a><\/div>\n<\/div>\n","protected":false},"excerpt":{"rendered":"<p>Comment porter un foulard ? D\u00e9couvrez 5 id\u00e9es originales pour styliser vos tenues : dans les cheveux, en ceinture ou en accessoire \u00e9l\u00e9gant. 1- Autour du cou, pour se tenir chaud ou se prot\u00e9ger du soleil : Lorsqu&rsquo;il fait froid dehors, rien de tel que d\u2019enrouler autour de son cou un foulard doux et r\u00e9confortant. [&hellip;]<\/p>\n","protected":false},"author":1,"featured_media":0,"parent":0,"menu_order":0,"comment_status":"open","ping_status":"closed","template":"","meta":{"_et_pb_use_builder":"","_et_pb_old_content":"","_et_gb_content_width":"","footnotes":""},"class_list":["post-75","page","type-page","status-publish","hentry"],"yoast_head":"<!-- This site is optimized with the Yoast SEO plugin v26.9 - https:\/\/yoast.com\/product\/yoast-seo-wordpress\/ -->\n<title>5 mani\u00e8res originales de porter son foulard : - Maison noeud<\/title>\n<meta name=\"description\" content=\"Comment porter un foulard ? D\u00e9couvrez 5 id\u00e9es originales pour styliser vos tenues : dans les cheveux, en ceinture ou en accessoire \u00e9l\u00e9gant.\" \/>\n<meta name=\"robots\" content=\"index, follow, max-snippet:-1, max-image-preview:large, max-video-preview:-1\" \/>\n<link rel=\"canonical\" href=\"https:\/\/maisonnoeud.com\/index.php\/nos-conseils-et-tutoriels\/\" \/>\n<meta property=\"og:locale\" content=\"fr_FR\" \/>\n<meta property=\"og:type\" content=\"article\" \/>\n<meta property=\"og:title\" content=\"5 mani\u00e8res originales de porter son foulard : - Maison noeud\" \/>\n<meta property=\"og:description\" content=\"Comment porter un foulard ? D\u00e9couvrez 5 id\u00e9es originales pour styliser vos tenues : dans les cheveux, en ceinture ou en accessoire \u00e9l\u00e9gant.\" \/>\n<meta property=\"og:url\" content=\"https:\/\/maisonnoeud.com\/index.php\/nos-conseils-et-tutoriels\/\" \/>\n<meta property=\"og:site_name\" content=\"Maison noeud\" \/>\n<meta property=\"article:modified_time\" content=\"2026-03-09T12:56:18+00:00\" \/>\n<meta property=\"og:image\" content=\"https:\/\/maisonnoeud.com\/wp-content\/uploads\/2026\/03\/Capture-decran-2026-03-09-113119.png\" \/>\n\t<meta property=\"og:image:width\" content=\"297\" \/>\n\t<meta property=\"og:image:height\" content=\"442\" \/>\n\t<meta property=\"og:image:type\" content=\"image\/png\" \/>\n<meta name=\"twitter:card\" content=\"summary_large_image\" \/>\n<meta name=\"twitter:label1\" content=\"Dur\u00e9e de lecture estim\u00e9e\" \/>\n\t<meta name=\"twitter:data1\" content=\"6 minutes\" \/>\n<script type=\"application\/ld+json\" class=\"yoast-schema-graph\">{\"@context\":\"https:\/\/schema.org\",\"@graph\":[{\"@type\":\"WebPage\",\"@id\":\"https:\/\/maisonnoeud.com\/index.php\/nos-conseils-et-tutoriels\/\",\"url\":\"https:\/\/maisonnoeud.com\/index.php\/nos-conseils-et-tutoriels\/\",\"name\":\"5 mani\u00e8res originales de porter son foulard : - Maison noeud\",\"isPartOf\":{\"@id\":\"https:\/\/maisonnoeud.com\/#website\"},\"primaryImageOfPage\":{\"@id\":\"https:\/\/maisonnoeud.com\/index.php\/nos-conseils-et-tutoriels\/#primaryimage\"},\"image\":{\"@id\":\"https:\/\/maisonnoeud.com\/index.php\/nos-conseils-et-tutoriels\/#primaryimage\"},\"thumbnailUrl\":\"https:\/\/maisonnoeud.com\/wp-content\/uploads\/2026\/03\/Capture-decran-2026-03-09-113119.png\",\"datePublished\":\"2026-03-02T13:02:43+00:00\",\"dateModified\":\"2026-03-09T12:56:18+00:00\",\"description\":\"Comment porter un foulard ? D\u00e9couvrez 5 id\u00e9es originales pour styliser vos tenues : dans les cheveux, en ceinture ou en accessoire \u00e9l\u00e9gant.\",\"breadcrumb\":{\"@id\":\"https:\/\/maisonnoeud.com\/index.php\/nos-conseils-et-tutoriels\/#breadcrumb\"},\"inLanguage\":\"fr-FR\",\"potentialAction\":[{\"@type\":\"ReadAction\",\"target\":[\"https:\/\/maisonnoeud.com\/index.php\/nos-conseils-et-tutoriels\/\"]}]},{\"@type\":\"ImageObject\",\"inLanguage\":\"fr-FR\",\"@id\":\"https:\/\/maisonnoeud.com\/index.php\/nos-conseils-et-tutoriels\/#primaryimage\",\"url\":\"https:\/\/maisonnoeud.com\/wp-content\/uploads\/2026\/03\/Capture-decran-2026-03-09-113119.png\",\"contentUrl\":\"https:\/\/maisonnoeud.com\/wp-content\/uploads\/2026\/03\/Capture-decran-2026-03-09-113119.png\",\"width\":297,\"height\":442},{\"@type\":\"BreadcrumbList\",\"@id\":\"https:\/\/maisonnoeud.com\/index.php\/nos-conseils-et-tutoriels\/#breadcrumb\",\"itemListElement\":[{\"@type\":\"ListItem\",\"position\":1,\"name\":\"Accueil\",\"item\":\"https:\/\/maisonnoeud.com\/\"},{\"@type\":\"ListItem\",\"position\":2,\"name\":\"5 mani\u00e8res originales de porter son foulard :\"}]},{\"@type\":\"WebSite\",\"@id\":\"https:\/\/maisonnoeud.com\/#website\",\"url\":\"https:\/\/maisonnoeud.com\/\",\"name\":\"Maison noeud\",\"description\":\"Maison noeud vente de foulard et \u00e9charpe \",\"potentialAction\":[{\"@type\":\"SearchAction\",\"target\":{\"@type\":\"EntryPoint\",\"urlTemplate\":\"https:\/\/maisonnoeud.com\/?s={search_term_string}\"},\"query-input\":{\"@type\":\"PropertyValueSpecification\",\"valueRequired\":true,\"valueName\":\"search_term_string\"}}],\"inLanguage\":\"fr-FR\"}]}<\/script>\n<!-- \/ Yoast SEO plugin. -->","yoast_head_json":{"title":"5 mani\u00e8res originales de porter son foulard : - Maison noeud","description":"Comment porter un foulard ? D\u00e9couvrez 5 id\u00e9es originales pour styliser vos tenues : dans les cheveux, en ceinture ou en accessoire \u00e9l\u00e9gant.","robots":{"index":"index","follow":"follow","max-snippet":"max-snippet:-1","max-image-preview":"max-image-preview:large","max-video-preview":"max-video-preview:-1"},"canonical":"https:\/\/maisonnoeud.com\/index.php\/nos-conseils-et-tutoriels\/","og_locale":"fr_FR","og_type":"article","og_title":"5 mani\u00e8res originales de porter son foulard : - Maison noeud","og_description":"Comment porter un foulard ? D\u00e9couvrez 5 id\u00e9es originales pour styliser vos tenues : dans les cheveux, en ceinture ou en accessoire \u00e9l\u00e9gant.","og_url":"https:\/\/maisonnoeud.com\/index.php\/nos-conseils-et-tutoriels\/","og_site_name":"Maison noeud","article_modified_time":"2026-03-09T12:56:18+00:00","og_image":[{"width":297,"height":442,"url":"https:\/\/maisonnoeud.com\/wp-content\/uploads\/2026\/03\/Capture-decran-2026-03-09-113119.png","type":"image\/png"}],"twitter_card":"summary_large_image","twitter_misc":{"Dur\u00e9e de lecture estim\u00e9e":"6 minutes"},"schema":{"@context":"https:\/\/schema.org","@graph":[{"@type":"WebPage","@id":"https:\/\/maisonnoeud.com\/index.php\/nos-conseils-et-tutoriels\/","url":"https:\/\/maisonnoeud.com\/index.php\/nos-conseils-et-tutoriels\/","name":"5 mani\u00e8res originales de porter son foulard : - Maison noeud","isPartOf":{"@id":"https:\/\/maisonnoeud.com\/#website"},"primaryImageOfPage":{"@id":"https:\/\/maisonnoeud.com\/index.php\/nos-conseils-et-tutoriels\/#primaryimage"},"image":{"@id":"https:\/\/maisonnoeud.com\/index.php\/nos-conseils-et-tutoriels\/#primaryimage"},"thumbnailUrl":"https:\/\/maisonnoeud.com\/wp-content\/uploads\/2026\/03\/Capture-decran-2026-03-09-113119.png","datePublished":"2026-03-02T13:02:43+00:00","dateModified":"2026-03-09T12:56:18+00:00","description":"Comment porter un foulard ? D\u00e9couvrez 5 id\u00e9es originales pour styliser vos tenues : dans les cheveux, en ceinture ou en accessoire \u00e9l\u00e9gant.","breadcrumb":{"@id":"https:\/\/maisonnoeud.com\/index.php\/nos-conseils-et-tutoriels\/#breadcrumb"},"inLanguage":"fr-FR","potentialAction":[{"@type":"ReadAction","target":["https:\/\/maisonnoeud.com\/index.php\/nos-conseils-et-tutoriels\/"]}]},{"@type":"ImageObject","inLanguage":"fr-FR","@id":"https:\/\/maisonnoeud.com\/index.php\/nos-conseils-et-tutoriels\/#primaryimage","url":"https:\/\/maisonnoeud.com\/wp-content\/uploads\/2026\/03\/Capture-decran-2026-03-09-113119.png","contentUrl":"https:\/\/maisonnoeud.com\/wp-content\/uploads\/2026\/03\/Capture-decran-2026-03-09-113119.png","width":297,"height":442},{"@type":"BreadcrumbList","@id":"https:\/\/maisonnoeud.com\/index.php\/nos-conseils-et-tutoriels\/#breadcrumb","itemListElement":[{"@type":"ListItem","position":1,"name":"Accueil","item":"https:\/\/maisonnoeud.com\/"},{"@type":"ListItem","position":2,"name":"5 mani\u00e8res originales de porter son foulard :"}]},{"@type":"WebSite","@id":"https:\/\/maisonnoeud.com\/#website","url":"https:\/\/maisonnoeud.com\/","name":"Maison noeud","description":"Maison noeud vente de foulard et \u00e9charpe ","potentialAction":[{"@type":"SearchAction","target":{"@type":"EntryPoint","urlTemplate":"https:\/\/maisonnoeud.com\/?s={search_term_string}"},"query-input":{"@type":"PropertyValueSpecification","valueRequired":true,"valueName":"search_term_string"}}],"inLanguage":"fr-FR"}]}},"_links":{"self":[{"href":"https:\/\/maisonnoeud.com\/index.php\/wp-json\/wp\/v2\/pages\/75","targetHints":{"allow":["GET"]}}],"collection":[{"href":"https:\/\/maisonnoeud.com\/index.php\/wp-json\/wp\/v2\/pages"}],"about":[{"href":"https:\/\/maisonnoeud.com\/index.php\/wp-json\/wp\/v2\/types\/page"}],"author":[{"embeddable":true,"href":"https:\/\/maisonnoeud.com\/index.php\/wp-json\/wp\/v2\/users\/1"}],"replies":[{"embeddable":true,"href":"https:\/\/maisonnoeud.com\/index.php\/wp-json\/wp\/v2\/comments?post=75"}],"version-history":[{"count":6,"href":"https:\/\/maisonnoeud.com\/index.php\/wp-json\/wp\/v2\/pages\/75\/revisions"}],"predecessor-version":[{"id":158,"href":"https:\/\/maisonnoeud.com\/index.php\/wp-json\/wp\/v2\/pages\/75\/revisions\/158"}],"wp:attachment":[{"href":"https:\/\/maisonnoeud.com\/index.php\/wp-json\/wp\/v2\/media?parent=75"}],"curies":[{"name":"wp","href":"https:\/\/api.w.org\/{rel}","templated":true}]}}